{"id":774,"date":"2011-06-28T15:58:33","date_gmt":"2011-06-28T14:58:33","guid":{"rendered":"http:\/\/blogg.notabene.se\/?page_id=774"},"modified":"2024-03-19T08:52:58","modified_gmt":"2024-03-19T07:52:58","slug":"mina-tjanster","status":"publish","type":"page","link":"https:\/\/blogg.notabene.se\/?page_id=774","title":{"rendered":"Mina tj\u00e4nster"},"content":{"rendered":"<p>Jag arbetar idag enbart med uppdragsverksamhet med huvudfokus p\u00e5 varum\u00e4rken och reklam:<\/p>\n<p>Jag SKRIVER reportage, analyser, rapporter, content och kr\u00f6nikor.<\/p>\n<p>Jag medverkar vid SEMINARIER som talare och\/eller moderator.<\/p>\n<p>Jag COACHAR f\u00f6retagsledningar och marknadsansvariga.<\/p>\n<p>Jag diskuterar g\u00e4rna ytterligare uppdrag. KONTAKTA MIG\u00a0p\u00e5 carin(at)notabene(punkt)se eller 0708-805 906, f\u00f6r cv, referenser eller andra fr\u00e5gor.<\/p>\n<a href=\"http:\/\/twitter.com\/share\" class=\"twitter-share-button\" data-url=\"https:\/\/blogg.notabene.se\/?page_id=774\" data-text=\"Mina tj\u00e4nster\" data-count=\"horizontal\">Tweet<\/a>","protected":false},"excerpt":{"rendered":"<p>Jag arbetar idag enbart med uppdragsverksamhet med huvudfokus p\u00e5 varum\u00e4rken och reklam: Jag SKRIVER reportage, analyser, rapporter, content och kr\u00f6nikor. Jag medverkar vid SEMINARIER som talare och\/eller moderator. Jag COACHAR f\u00f6retagsledningar och marknadsansvariga. Jag diskuterar g\u00e4rna ytterligare uppdrag. KONTAKTA MIG\u00a0p\u00e5 carin(at)notabene(punkt)se eller 0708-805 906, f\u00f6r cv, referenser eller andra fr\u00e5gor. Tweet<\/p>\n","protected":false},"author":1,"featured_media":0,"parent":0,"menu_order":0,"comment_status":"open","ping_status":"open","template":"","meta":{"jetpack_post_was_ever_published":false,"footnotes":""},"jetpack_shortlink":"https:\/\/wp.me\/P1k0bi-cu","jetpack_sharing_enabled":true,"jetpack_likes_enabled":true,"_links":{"self":[{"href":"https:\/\/blogg.notabene.se\/index.php?rest_route=\/wp\/v2\/pages\/774"}],"collection":[{"href":"https:\/\/blogg.notabene.se\/index.php?rest_route=\/wp\/v2\/pages"}],"about":[{"href":"https:\/\/blogg.notabene.se\/index.php?rest_route=\/wp\/v2\/types\/page"}],"author":[{"embeddable":true,"href":"https:\/\/blogg.notabene.se\/index.php?rest_route=\/wp\/v2\/users\/1"}],"replies":[{"embeddable":true,"href":"https:\/\/blogg.notabene.se\/index.php?rest_route=%2Fwp%2Fv2%2Fcomments&post=774"}],"version-history":[{"count":23,"href":"https:\/\/blogg.notabene.se\/index.php?rest_route=\/wp\/v2\/pages\/774\/revisions"}],"predecessor-version":[{"id":3058,"href":"https:\/\/blogg.notabene.se\/index.php?rest_route=\/wp\/v2\/pages\/774\/revisions\/3058"}],"wp:attachment":[{"href":"https:\/\/blogg.notabene.se\/index.php?rest_route=%2Fwp%2Fv2%2Fmedia&parent=774"}],"curies":[{"name":"wp","href":"https:\/\/api.w.org\/{rel}","templated":true}]}}